{"id":5902,"date":"2024-05-08T09:45:03","date_gmt":"2024-05-08T07:45:03","guid":{"rendered":"https:\/\/hub.meforyou.se\/?page_id=5902"},"modified":"2025-12-08T13:15:53","modified_gmt":"2025-12-08T12:15:53","slug":"medlemsrabatter","status":"publish","type":"page","link":"https:\/\/hub.meforyou.se\/en\/medlemsrabatter\/","title":{"rendered":"Member discounts"},"content":{"rendered":"<style>.wp-block-kadence-advancedheading.kt-adv-heading5902_99d0a7-d3, .wp-block-kadence-advancedheading.kt-adv-heading5902_99d0a7-d3[data-kb-block=\"kb-adv-heading5902_99d0a7-d3\"]{padding-top:var(--global-kb-spacing-5xl, 10rem);text-align:left;font-style:normal;}.wp-block-kadence-advancedheading.kt-adv-heading5902_99d0a7-d3 mark, .wp-block-kadence-advancedheading.kt-adv-heading5902_99d0a7-d3[data-kb-block=\"kb-adv-heading5902_99d0a7-d3\"] mark{font-style:normal;color:#f76a0c;padding-top:0px;padding-right:0px;padding-bottom:0px;padding-left:0px;}@media all and (max-width: 767px){.wp-block-kadence-advancedheading.kt-adv-heading5902_99d0a7-d3, .wp-block-kadence-advancedheading.kt-adv-heading5902_99d0a7-d3[data-kb-block=\"kb-adv-heading5902_99d0a7-d3\"]{font-size:var(--global-kb-font-size-lg, 2rem);}}<\/style>\n<h1 class=\"kt-adv-heading5902_99d0a7-d3 animated fadeInUp delay-100ms slow wp-block-kadence-advancedheading has-theme-palette-2-color has-text-color\" data-kb-block=\"kb-adv-heading5902_99d0a7-d3\">Member discounts<\/h1>\n\n\n\n<p class=\"has-text-align-left\">Som medlem hos meforyou.se kan du njuta och ta del av alla v\u00e5ra medlemsf\u00f6rm\u00e5ner.<\/p>\n\n\n<style>.kb-posts-id-5902_7e400f-4a .loop-entry{background:transparent;box-shadow:none;}.kb-posts-id-5902_7e400f-4a .loop-entry > .entry-content-wrap{padding:0px;}.kb-posts-id-5902_7e400f-4a .loop-entry .post-thumbnail{margin-bottom:1em;}<\/style><div class=\"wp-block-kadence-posts kb-posts kb-posts-id-5902_7e400f-4a content-wrap grid-cols kb-posts-style-unboxed grid-sm-col-2 grid-lg-col-2 item-image-style-above\"><article class=\"entry content-bg loop-entry post-9423 post type-post status-publish format-standard has-post-thumbnail hentry category-forsakring category-medlemsrabatt\">\n\t\t\t<a class=\"post-thumbnail kadence-thumbnail-ratio-2-3\" href=\"https:\/\/hub.meforyou.se\/en\/forbered-ditt-foretag-for-det-oforutsedda\/\">\n\t\t\t<div class=\"post-thumbnail-inner\">\n\t\t\t\t<img loading=\"lazy\" decoding=\"async\" width=\"768\" height=\"516\" src=\"https:\/\/hub.meforyou.se\/wp-content\/uploads\/2025\/01\/Fran-vara-samarbetspartner-768x516.png\" class=\"attachment-medium_large size-medium_large wp-post-image\" alt=\"F\u00f6rbered ditt f\u00f6retag f\u00f6r det of\u00f6rutsedda\u00a0\" srcset=\"https:\/\/hub.meforyou.se\/wp-content\/uploads\/2025\/01\/Fran-vara-samarbetspartner-768x516.png 768w, https:\/\/hub.meforyou.se\/wp-content\/uploads\/2025\/01\/Fran-vara-samarbetspartner-300x202.png 300w, https:\/\/hub.meforyou.se\/wp-content\/uploads\/2025\/01\/Fran-vara-samarbetspartner-18x12.png 18w, https:\/\/hub.meforyou.se\/wp-content\/uploads\/2025\/01\/Fran-vara-samarbetspartner.png 908w\" sizes=\"auto, (max-width: 768px) 100vw, 768px\" \/>\t\t\t<\/div>\n\t\t<\/a><!-- .post-thumbnail -->\n\t\t\t<div class=\"entry-content-wrap\">\n\t\t<header class=\"entry-header\">\n\t\t<div class=\"entry-taxonomies\">\n\t\t<span class=\"category-links term-links category-style-pill\">\n\t\t\t<a href=\"https:\/\/hub.meforyou.se\/en\/category\/forsakring\/\" rel=\"category tag\">#insurance<\/a> <a href=\"https:\/\/hub.meforyou.se\/en\/category\/medlemsrabatt\/\" rel=\"category tag\">#memberdiscounts<\/a>\t\t<\/span>\n\t<\/div><!-- .entry-taxonomies -->\n\t<h6 class=\"entry-title\"><a href=\"https:\/\/hub.meforyou.se\/en\/forbered-ditt-foretag-for-det-oforutsedda\/\" rel=\"bookmark\">F\u00f6rbered ditt f\u00f6retag f\u00f6r det of\u00f6rutsedda\u00a0<\/a><\/h6><\/header><!-- .entry-header -->\n<footer class=\"entry-footer\">\n\t<\/footer><!-- .entry-footer -->\t<\/div>\n<\/article>\n<article class=\"entry content-bg loop-entry post-8446 post type-post status-publish format-standard has-post-thumbnail hentry category-medlemsrabatt category-redovisning\">\n\t\t\t<a class=\"post-thumbnail kadence-thumbnail-ratio-2-3\" href=\"https:\/\/hub.meforyou.se\/en\/redify\/\">\n\t\t\t<div class=\"post-thumbnail-inner\">\n\t\t\t\t<img loading=\"lazy\" decoding=\"async\" width=\"768\" height=\"516\" src=\"https:\/\/hub.meforyou.se\/wp-content\/uploads\/2024\/11\/Fran-vara-samarbetspartner-2-768x516.png\" class=\"attachment-medium_large size-medium_large wp-post-image\" alt=\"Effektivisera ditt f\u00f6retagande med Redify\" srcset=\"https:\/\/hub.meforyou.se\/wp-content\/uploads\/2024\/11\/Fran-vara-samarbetspartner-2-768x516.png 768w, https:\/\/hub.meforyou.se\/wp-content\/uploads\/2024\/11\/Fran-vara-samarbetspartner-2-300x202.png 300w, https:\/\/hub.meforyou.se\/wp-content\/uploads\/2024\/11\/Fran-vara-samarbetspartner-2-18x12.png 18w, https:\/\/hub.meforyou.se\/wp-content\/uploads\/2024\/11\/Fran-vara-samarbetspartner-2.png 908w\" sizes=\"auto, (max-width: 768px) 100vw, 768px\" \/>\t\t\t<\/div>\n\t\t<\/a><!-- .post-thumbnail -->\n\t\t\t<div class=\"entry-content-wrap\">\n\t\t<header class=\"entry-header\">\n\t\t<div class=\"entry-taxonomies\">\n\t\t<span class=\"category-links term-links category-style-pill\">\n\t\t\t<a href=\"https:\/\/hub.meforyou.se\/en\/category\/medlemsrabatt\/\" rel=\"category tag\">#memberdiscounts<\/a> <a href=\"https:\/\/hub.meforyou.se\/en\/category\/redovisning\/\" rel=\"category tag\">#accounting<\/a>\t\t<\/span>\n\t<\/div><!-- .entry-taxonomies -->\n\t<h6 class=\"entry-title\"><a href=\"https:\/\/hub.meforyou.se\/en\/redify\/\" rel=\"bookmark\">Effektivisera ditt f\u00f6retagande med Redify<\/a><\/h6><\/header><!-- .entry-header -->\n<footer class=\"entry-footer\">\n\t<\/footer><!-- .entry-footer -->\t<\/div>\n<\/article>\n<article class=\"entry content-bg loop-entry post-8155 post type-post status-publish format-standard has-post-thumbnail hentry category-marknadsforing category-medlemsrabatt tag-samarbete\">\n\t\t\t<a class=\"post-thumbnail kadence-thumbnail-ratio-2-3\" href=\"https:\/\/hub.meforyou.se\/en\/ta-kontroll-over-din-digitala-marknadsforing-med-adcredo\/\">\n\t\t\t<div class=\"post-thumbnail-inner\">\n\t\t\t\t<img loading=\"lazy\" decoding=\"async\" width=\"768\" height=\"516\" src=\"https:\/\/hub.meforyou.se\/wp-content\/uploads\/2024\/10\/Fran-vara-samarbetspartner-768x516.png\" class=\"attachment-medium_large size-medium_large wp-post-image\" alt=\"Ta kontroll \u00f6ver din egen digitala marknadsf\u00f6ring med Adcredo\" srcset=\"https:\/\/hub.meforyou.se\/wp-content\/uploads\/2024\/10\/Fran-vara-samarbetspartner-768x516.png 768w, https:\/\/hub.meforyou.se\/wp-content\/uploads\/2024\/10\/Fran-vara-samarbetspartner-300x202.png 300w, https:\/\/hub.meforyou.se\/wp-content\/uploads\/2024\/10\/Fran-vara-samarbetspartner-18x12.png 18w, https:\/\/hub.meforyou.se\/wp-content\/uploads\/2024\/10\/Fran-vara-samarbetspartner.png 908w\" sizes=\"auto, (max-width: 768px) 100vw, 768px\" \/>\t\t\t<\/div>\n\t\t<\/a><!-- .post-thumbnail -->\n\t\t\t<div class=\"entry-content-wrap\">\n\t\t<header class=\"entry-header\">\n\t\t<div class=\"entry-taxonomies\">\n\t\t<span class=\"category-links term-links category-style-pill\">\n\t\t\t<a href=\"https:\/\/hub.meforyou.se\/en\/category\/marknadsforing\/\" rel=\"category tag\">#marketing<\/a> <a href=\"https:\/\/hub.meforyou.se\/en\/category\/medlemsrabatt\/\" rel=\"category tag\">#memberdiscounts<\/a>\t\t<\/span>\n\t<\/div><!-- .entry-taxonomies -->\n\t<h6 class=\"entry-title\"><a href=\"https:\/\/hub.meforyou.se\/en\/ta-kontroll-over-din-digitala-marknadsforing-med-adcredo\/\" rel=\"bookmark\">Ta kontroll \u00f6ver din egen digitala marknadsf\u00f6ring med Adcredo<\/a><\/h6><\/header><!-- .entry-header -->\n<footer class=\"entry-footer\">\n\t<\/footer><!-- .entry-footer -->\t<\/div>\n<\/article>\n<article class=\"entry content-bg loop-entry post-7320 post type-post status-publish format-standard has-post-thumbnail hentry category-marknadsforing category-medlemsrabatt tag-samarbete\">\n\t\t\t<a class=\"post-thumbnail kadence-thumbnail-ratio-2-3\" href=\"https:\/\/hub.meforyou.se\/en\/sakra-din-tillvaxt-med-funnelbuds-crm-15-rabatt-forsta-aret\/\">\n\t\t\t<div class=\"post-thumbnail-inner\">\n\t\t\t\t<img loading=\"lazy\" decoding=\"async\" width=\"768\" height=\"516\" src=\"https:\/\/hub.meforyou.se\/wp-content\/uploads\/2024\/10\/2-768x516.png\" class=\"attachment-medium_large size-medium_large wp-post-image\" alt=\"S\u00e4kra din tillv\u00e4xt med FunnelBuds CRM \u2013 15% rabatt f\u00f6rsta \u00e5ret!\" srcset=\"https:\/\/hub.meforyou.se\/wp-content\/uploads\/2024\/10\/2-768x516.png 768w, https:\/\/hub.meforyou.se\/wp-content\/uploads\/2024\/10\/2-300x202.png 300w, https:\/\/hub.meforyou.se\/wp-content\/uploads\/2024\/10\/2-18x12.png 18w, https:\/\/hub.meforyou.se\/wp-content\/uploads\/2024\/10\/2.png 908w\" sizes=\"auto, (max-width: 768px) 100vw, 768px\" \/>\t\t\t<\/div>\n\t\t<\/a><!-- .post-thumbnail -->\n\t\t\t<div class=\"entry-content-wrap\">\n\t\t<header class=\"entry-header\">\n\t\t<div class=\"entry-taxonomies\">\n\t\t<span class=\"category-links term-links category-style-pill\">\n\t\t\t<a href=\"https:\/\/hub.meforyou.se\/en\/category\/marknadsforing\/\" rel=\"category tag\">#marketing<\/a> <a href=\"https:\/\/hub.meforyou.se\/en\/category\/medlemsrabatt\/\" rel=\"category tag\">#memberdiscounts<\/a>\t\t<\/span>\n\t<\/div><!-- .entry-taxonomies -->\n\t<h6 class=\"entry-title\"><a href=\"https:\/\/hub.meforyou.se\/en\/sakra-din-tillvaxt-med-funnelbuds-crm-15-rabatt-forsta-aret\/\" rel=\"bookmark\">S\u00e4kra din tillv\u00e4xt med FunnelBuds CRM \u2013 15% rabatt f\u00f6rsta \u00e5ret!<\/a><\/h6><\/header><!-- .entry-header -->\n<footer class=\"entry-footer\">\n\t<\/footer><!-- .entry-footer -->\t<\/div>\n<\/article>\n<article class=\"entry content-bg loop-entry post-7314 post type-post status-publish format-standard has-post-thumbnail hentry category-juridik category-medlemsrabatt tag-samarbete\">\n\t\t\t<a class=\"post-thumbnail kadence-thumbnail-ratio-2-3\" href=\"https:\/\/hub.meforyou.se\/en\/juridisk-expertis-for-startups-skydda-ditt-foretag-fran-start-till-tillvaxt\/\">\n\t\t\t<div class=\"post-thumbnail-inner\">\n\t\t\t\t<img loading=\"lazy\" decoding=\"async\" width=\"768\" height=\"516\" src=\"https:\/\/hub.meforyou.se\/wp-content\/uploads\/2024\/10\/1-768x516.png\" class=\"attachment-medium_large size-medium_large wp-post-image\" alt=\"Juridisk expertis f\u00f6r startups \u2013 skydda ditt f\u00f6retag fr\u00e5n start till tillv\u00e4xt!\" srcset=\"https:\/\/hub.meforyou.se\/wp-content\/uploads\/2024\/10\/1-768x516.png 768w, https:\/\/hub.meforyou.se\/wp-content\/uploads\/2024\/10\/1-300x202.png 300w, https:\/\/hub.meforyou.se\/wp-content\/uploads\/2024\/10\/1-18x12.png 18w, https:\/\/hub.meforyou.se\/wp-content\/uploads\/2024\/10\/1.png 908w\" sizes=\"auto, (max-width: 768px) 100vw, 768px\" \/>\t\t\t<\/div>\n\t\t<\/a><!-- .post-thumbnail -->\n\t\t\t<div class=\"entry-content-wrap\">\n\t\t<header class=\"entry-header\">\n\t\t<div class=\"entry-taxonomies\">\n\t\t<span class=\"category-links term-links category-style-pill\">\n\t\t\t<a href=\"https:\/\/hub.meforyou.se\/en\/category\/juridik\/\" rel=\"category tag\">#legal<\/a> <a href=\"https:\/\/hub.meforyou.se\/en\/category\/medlemsrabatt\/\" rel=\"category tag\">#memberdiscounts<\/a>\t\t<\/span>\n\t<\/div><!-- .entry-taxonomies -->\n\t<h6 class=\"entry-title\"><a href=\"https:\/\/hub.meforyou.se\/en\/juridisk-expertis-for-startups-skydda-ditt-foretag-fran-start-till-tillvaxt\/\" rel=\"bookmark\">Juridisk expertis f\u00f6r startups \u2013 skydda ditt f\u00f6retag fr\u00e5n start till tillv\u00e4xt!<\/a><\/h6><\/header><!-- .entry-header -->\n<footer class=\"entry-footer\">\n\t<\/footer><!-- .entry-footer -->\t<\/div>\n<\/article>\n<article class=\"entry content-bg loop-entry post-7285 post type-post status-publish format-standard has-post-thumbnail hentry category-finansiering category-medlemsrabatt\">\n\t\t\t<a class=\"post-thumbnail kadence-thumbnail-ratio-2-3\" href=\"https:\/\/hub.meforyou.se\/en\/trygg-och-flexibel-finansiering-med-var-nya-partner-qred\/\">\n\t\t\t<div class=\"post-thumbnail-inner\">\n\t\t\t\t<img loading=\"lazy\" decoding=\"async\" width=\"768\" height=\"516\" src=\"https:\/\/hub.meforyou.se\/wp-content\/uploads\/2024\/10\/3-768x516.png\" class=\"attachment-medium_large size-medium_large wp-post-image\" alt=\"Trygg och flexibel finansiering med v\u00e5r partner Qred!\" srcset=\"https:\/\/hub.meforyou.se\/wp-content\/uploads\/2024\/10\/3-768x516.png 768w, https:\/\/hub.meforyou.se\/wp-content\/uploads\/2024\/10\/3-300x202.png 300w, https:\/\/hub.meforyou.se\/wp-content\/uploads\/2024\/10\/3-18x12.png 18w, https:\/\/hub.meforyou.se\/wp-content\/uploads\/2024\/10\/3.png 908w\" sizes=\"auto, (max-width: 768px) 100vw, 768px\" \/>\t\t\t<\/div>\n\t\t<\/a><!-- .post-thumbnail -->\n\t\t\t<div class=\"entry-content-wrap\">\n\t\t<header class=\"entry-header\">\n\t\t<div class=\"entry-taxonomies\">\n\t\t<span class=\"category-links term-links category-style-pill\">\n\t\t\t<a href=\"https:\/\/hub.meforyou.se\/en\/category\/finansiering\/\" rel=\"category tag\">#financing<\/a> <a href=\"https:\/\/hub.meforyou.se\/en\/category\/medlemsrabatt\/\" rel=\"category tag\">#memberdiscounts<\/a>\t\t<\/span>\n\t<\/div><!-- .entry-taxonomies -->\n\t<h6 class=\"entry-title\"><a href=\"https:\/\/hub.meforyou.se\/en\/trygg-och-flexibel-finansiering-med-var-nya-partner-qred\/\" rel=\"bookmark\">Trygg och flexibel finansiering med v\u00e5r partner Qred!<\/a><\/h6><\/header><!-- .entry-header -->\n<footer class=\"entry-footer\">\n\t<\/footer><!-- .entry-footer -->\t<\/div>\n<\/article>\n<article class=\"entry content-bg loop-entry post-5793 post type-post status-publish format-standard has-post-thumbnail hentry category-fitness category-medlemsrabatt\">\n\t\t\t<a class=\"post-thumbnail kadence-thumbnail-ratio-2-3\" href=\"https:\/\/hub.meforyou.se\/en\/upplev-kick-och-thaiboxning-med-masters-gym\/\">\n\t\t\t<div class=\"post-thumbnail-inner\">\n\t\t\t\t<img loading=\"lazy\" decoding=\"async\" width=\"768\" height=\"512\" src=\"https:\/\/hub.meforyou.se\/wp-content\/uploads\/2024\/05\/Kopio-holistic-33-768x512.png\" class=\"attachment-medium_large size-medium_large wp-post-image\" alt=\"Upplev kick- och thaiboxning med Masters Gym\" srcset=\"https:\/\/hub.meforyou.se\/wp-content\/uploads\/2024\/05\/Kopio-holistic-33-768x512.png 768w, https:\/\/hub.meforyou.se\/wp-content\/uploads\/2024\/05\/Kopio-holistic-33-300x200.png 300w, https:\/\/hub.meforyou.se\/wp-content\/uploads\/2024\/05\/Kopio-holistic-33-1024x683.png 1024w, https:\/\/hub.meforyou.se\/wp-content\/uploads\/2024\/05\/Kopio-holistic-33-1536x1024.png 1536w, https:\/\/hub.meforyou.se\/wp-content\/uploads\/2024\/05\/Kopio-holistic-33-18x12.png 18w, https:\/\/hub.meforyou.se\/wp-content\/uploads\/2024\/05\/Kopio-holistic-33.png 1620w\" sizes=\"auto, (max-width: 768px) 100vw, 768px\" \/>\t\t\t<\/div>\n\t\t<\/a><!-- .post-thumbnail -->\n\t\t\t<div class=\"entry-content-wrap\">\n\t\t<header class=\"entry-header\">\n\t\t<div class=\"entry-taxonomies\">\n\t\t<span class=\"category-links term-links category-style-pill\">\n\t\t\t<a href=\"https:\/\/hub.meforyou.se\/en\/category\/fitness\/\" rel=\"category tag\">#fitness<\/a> <a href=\"https:\/\/hub.meforyou.se\/en\/category\/medlemsrabatt\/\" rel=\"category tag\">#memberdiscounts<\/a>\t\t<\/span>\n\t<\/div><!-- .entry-taxonomies -->\n\t<h6 class=\"entry-title\"><a href=\"https:\/\/hub.meforyou.se\/en\/upplev-kick-och-thaiboxning-med-masters-gym\/\" rel=\"bookmark\">Upplev kick- och thaiboxning med Masters Gym<\/a><\/h6><\/header><!-- .entry-header -->\n<footer class=\"entry-footer\">\n\t<\/footer><!-- .entry-footer -->\t<\/div>\n<\/article>\n<article class=\"entry content-bg loop-entry post-4293 post type-post status-publish format-standard has-post-thumbnail hentry category-fitness category-medlemsrabatt\">\n\t\t\t<a class=\"post-thumbnail kadence-thumbnail-ratio-2-3\" href=\"https:\/\/hub.meforyou.se\/en\/rabatt-pa-foretags-klippkort-pa-stc-ersta-sodermalm-och-hotorget\/\">\n\t\t\t<div class=\"post-thumbnail-inner\">\n\t\t\t\t<img loading=\"lazy\" decoding=\"async\" width=\"768\" height=\"512\" src=\"https:\/\/hub.meforyou.se\/wp-content\/uploads\/2023\/11\/Kopio-holistic-53-768x512.png\" class=\"attachment-medium_large size-medium_large wp-post-image\" alt=\"Rabatt p\u00e5 f\u00f6retagsklippkort p\u00e5 STC S\u00f6dermalm Ersta och H\u00f6torget\" srcset=\"https:\/\/hub.meforyou.se\/wp-content\/uploads\/2023\/11\/Kopio-holistic-53-768x512.png 768w, https:\/\/hub.meforyou.se\/wp-content\/uploads\/2023\/11\/Kopio-holistic-53-300x200.png 300w, https:\/\/hub.meforyou.se\/wp-content\/uploads\/2023\/11\/Kopio-holistic-53-1024x683.png 1024w, https:\/\/hub.meforyou.se\/wp-content\/uploads\/2023\/11\/Kopio-holistic-53-1536x1024.png 1536w, https:\/\/hub.meforyou.se\/wp-content\/uploads\/2023\/11\/Kopio-holistic-53-18x12.png 18w, https:\/\/hub.meforyou.se\/wp-content\/uploads\/2023\/11\/Kopio-holistic-53.png 1620w\" sizes=\"auto, (max-width: 768px) 100vw, 768px\" \/>\t\t\t<\/div>\n\t\t<\/a><!-- .post-thumbnail -->\n\t\t\t<div class=\"entry-content-wrap\">\n\t\t<header class=\"entry-header\">\n\t\t<div class=\"entry-taxonomies\">\n\t\t<span class=\"category-links term-links category-style-pill\">\n\t\t\t<a href=\"https:\/\/hub.meforyou.se\/en\/category\/fitness\/\" rel=\"category tag\">#fitness<\/a> <a href=\"https:\/\/hub.meforyou.se\/en\/category\/medlemsrabatt\/\" rel=\"category tag\">#memberdiscounts<\/a>\t\t<\/span>\n\t<\/div><!-- .entry-taxonomies -->\n\t<h6 class=\"entry-title\"><a href=\"https:\/\/hub.meforyou.se\/en\/rabatt-pa-foretags-klippkort-pa-stc-ersta-sodermalm-och-hotorget\/\" rel=\"bookmark\">Rabatt p\u00e5 f\u00f6retagsklippkort p\u00e5 STC S\u00f6dermalm Ersta och H\u00f6torget<\/a><\/h6><\/header><!-- .entry-header -->\n<footer class=\"entry-footer\">\n\t<\/footer><!-- .entry-footer -->\t<\/div>\n<\/article>\n<article class=\"entry content-bg loop-entry post-3531 post type-post status-publish format-standard has-post-thumbnail hentry category-medlemsrabatt\">\n\t\t\t<a class=\"post-thumbnail kadence-thumbnail-ratio-2-3\" href=\"https:\/\/hub.meforyou.se\/en\/20-rabatt-pa-inika-superfoods\/\">\n\t\t\t<div class=\"post-thumbnail-inner\">\n\t\t\t\t<img loading=\"lazy\" decoding=\"async\" width=\"768\" height=\"512\" src=\"https:\/\/hub.meforyou.se\/wp-content\/uploads\/2023\/11\/4-2-768x512.png\" class=\"attachment-medium_large size-medium_large wp-post-image\" alt=\"20% rabatt p\u00e5 Inika Superfoods\" srcset=\"https:\/\/hub.meforyou.se\/wp-content\/uploads\/2023\/11\/4-2-768x512.png 768w, https:\/\/hub.meforyou.se\/wp-content\/uploads\/2023\/11\/4-2-300x200.png 300w, https:\/\/hub.meforyou.se\/wp-content\/uploads\/2023\/11\/4-2-1024x683.png 1024w, https:\/\/hub.meforyou.se\/wp-content\/uploads\/2023\/11\/4-2-1536x1024.png 1536w, https:\/\/hub.meforyou.se\/wp-content\/uploads\/2023\/11\/4-2-18x12.png 18w, https:\/\/hub.meforyou.se\/wp-content\/uploads\/2023\/11\/4-2.png 1620w\" sizes=\"auto, (max-width: 768px) 100vw, 768px\" \/>\t\t\t<\/div>\n\t\t<\/a><!-- .post-thumbnail -->\n\t\t\t<div class=\"entry-content-wrap\">\n\t\t<header class=\"entry-header\">\n\t\t<div class=\"entry-taxonomies\">\n\t\t<span class=\"category-links term-links category-style-pill\">\n\t\t\t<a href=\"https:\/\/hub.meforyou.se\/en\/category\/medlemsrabatt\/\" rel=\"category tag\">#memberdiscounts<\/a>\t\t<\/span>\n\t<\/div><!-- .entry-taxonomies -->\n\t<h6 class=\"entry-title\"><a href=\"https:\/\/hub.meforyou.se\/en\/20-rabatt-pa-inika-superfoods\/\" rel=\"bookmark\">20% rabatt p\u00e5 Inika Superfoods<\/a><\/h6><\/header><!-- .entry-header -->\n<footer class=\"entry-footer\">\n\t<\/footer><!-- .entry-footer -->\t<\/div>\n<\/article>\n<article class=\"entry content-bg loop-entry post-3265 post type-post status-publish format-standard has-post-thumbnail hentry category-fitness category-medlemsrabatt\">\n\t\t\t<a class=\"post-thumbnail kadence-thumbnail-ratio-2-3\" href=\"https:\/\/hub.meforyou.se\/en\/38-rabatt-pa-arskort-pa-stc-hotorget\/\">\n\t\t\t<div class=\"post-thumbnail-inner\">\n\t\t\t\t<img loading=\"lazy\" decoding=\"async\" width=\"768\" height=\"512\" src=\"https:\/\/hub.meforyou.se\/wp-content\/uploads\/2024\/03\/1-768x512.png\" class=\"attachment-medium_large size-medium_large wp-post-image\" alt=\"21% rabatt p\u00e5 \u00e5rskort p\u00e5 STC H\u00f6torget\u00a0\" srcset=\"https:\/\/hub.meforyou.se\/wp-content\/uploads\/2024\/03\/1-768x512.png 768w, https:\/\/hub.meforyou.se\/wp-content\/uploads\/2024\/03\/1-300x200.png 300w, https:\/\/hub.meforyou.se\/wp-content\/uploads\/2024\/03\/1-1024x683.png 1024w, https:\/\/hub.meforyou.se\/wp-content\/uploads\/2024\/03\/1-1536x1024.png 1536w, https:\/\/hub.meforyou.se\/wp-content\/uploads\/2024\/03\/1-18x12.png 18w, https:\/\/hub.meforyou.se\/wp-content\/uploads\/2024\/03\/1.png 1620w\" sizes=\"auto, (max-width: 768px) 100vw, 768px\" \/>\t\t\t<\/div>\n\t\t<\/a><!-- .post-thumbnail -->\n\t\t\t<div class=\"entry-content-wrap\">\n\t\t<header class=\"entry-header\">\n\t\t<div class=\"entry-taxonomies\">\n\t\t<span class=\"category-links term-links category-style-pill\">\n\t\t\t<a href=\"https:\/\/hub.meforyou.se\/en\/category\/fitness\/\" rel=\"category tag\">#fitness<\/a> <a href=\"https:\/\/hub.meforyou.se\/en\/category\/medlemsrabatt\/\" rel=\"category tag\">#memberdiscounts<\/a>\t\t<\/span>\n\t<\/div><!-- .entry-taxonomies -->\n\t<h6 class=\"entry-title\"><a href=\"https:\/\/hub.meforyou.se\/en\/38-rabatt-pa-arskort-pa-stc-hotorget\/\" rel=\"bookmark\">21% rabatt p\u00e5 \u00e5rskort p\u00e5 STC H\u00f6torget\u00a0<\/a><\/h6><\/header><!-- .entry-header -->\n<footer class=\"entry-footer\">\n\t<\/footer><!-- .entry-footer -->\t<\/div>\n<\/article>\n<\/div>\n\n<style>.wp-block-kadence-spacer.kt-block-spacer-5902_029f07-06 .kt-block-spacer{height:80px;}.wp-block-kadence-spacer.kt-block-spacer-5902_029f07-06 .kt-divider{border-top-width:1px;height:1px;border-top-color:#eee;width:80%;border-top-style:solid;}<\/style>\n<div class=\"wp-block-kadence-spacer aligncenter kt-block-spacer-5902_029f07-06\"><div class=\"kt-block-spacer kt-block-spacer-halign-center\"><\/div><\/div>\n\n\n<style>.wp-block-kadence-advancedbtn.kb-btns5902_1d440b-eb{gap:var(--global-kb-gap-xs, 0.5rem );justify-content:center;align-items:center;}.kt-btns5902_1d440b-eb .kt-button{font-weight:normal;font-style:normal;}.kt-btns5902_1d440b-eb .kt-btn-wrap-0{margin-right:5px;}.wp-block-kadence-advancedbtn.kt-btns5902_1d440b-eb .kt-btn-wrap-0 .kt-button{color:#555555;border-color:#555555;}.wp-block-kadence-advancedbtn.kt-btns5902_1d440b-eb .kt-btn-wrap-0 .kt-button:hover, .wp-block-kadence-advancedbtn.kt-btns5902_1d440b-eb .kt-btn-wrap-0 .kt-button:focus{color:#ffffff;border-color:#444444;}.wp-block-kadence-advancedbtn.kt-btns5902_1d440b-eb .kt-btn-wrap-0 .kt-button::before{display:none;}.wp-block-kadence-advancedbtn.kt-btns5902_1d440b-eb .kt-btn-wrap-0 .kt-button:hover, .wp-block-kadence-advancedbtn.kt-btns5902_1d440b-eb .kt-btn-wrap-0 .kt-button:focus{background:#444444;}<\/style>\n<div class=\"wp-block-kadence-advancedbtn kb-buttons-wrap kb-btns5902_1d440b-eb\"><style>ul.menu .wp-block-kadence-advancedbtn .kb-btn5902_7815b6-a9.kb-button{width:initial;}.wp-block-kadence-advancedbtn .kb-btn5902_7815b6-a9.kb-button{color:var(--global-palette9, #ffffff);background:var(--global-palette2, #2B6CB0);margin-top:var(--global-kb-spacing-xs, 1rem);}@media all and (max-width: 1024px){.kb-btn5902_7815b6-a9.kb-button .kb-svg-icon-wrap{display:block;}}<\/style><a class=\"kb-button kt-button button kb-btn5902_7815b6-a9 kt-btn-size-standard kt-btn-width-type-auto kb-btn-global-inherit kt-btn-has-text-true kt-btn-has-svg-false wp-block-button__link animated bounceIn delay-1s fast wp-block-kadence-singlebtn\" href=\"https:\/\/meforyou.se\/sign-up\/provider\"><span class=\"kt-btn-inner-text\">Registrera f\u00f6retag<\/span><\/a>\n\n<style>ul.menu .wp-block-kadence-advancedbtn .kb-btn5902_b00743-79.kb-button{width:initial;}.wp-block-kadence-advancedbtn .kb-btn5902_b00743-79.kb-button{color:var(--global-palette9, #ffffff);background:var(--global-palette2, #2B6CB0);margin-top:var(--global-kb-spacing-xs, 1rem);}@media all and (max-width: 1024px){.kb-btn5902_b00743-79.kb-button .kb-svg-icon-wrap{display:block;}}<\/style><a class=\"kb-button kt-button button kb-btn5902_b00743-79 kt-btn-size-standard kt-btn-width-type-auto kb-btn-global-inherit kt-btn-has-text-true kt-btn-has-svg-false wp-block-button__link animated bounceIn delay-1s fast wp-block-kadence-singlebtn\" href=\"https:\/\/meforyou.se\"><span class=\"kt-btn-inner-text\">Till marknadsplatsen<\/span><\/a>\n\n<style>ul.menu .wp-block-kadence-advancedbtn .kb-btn5902_ae8f6b-26.kb-button{width:initial;}.wp-block-kadence-advancedbtn .kb-btn5902_ae8f6b-26.kb-button{color:var(--global-palette9, #ffffff);background:var(--global-palette2, #2B6CB0);margin-top:var(--global-kb-spacing-xs, 1rem);}@media all and (max-width: 1024px){.kb-btn5902_ae8f6b-26.kb-button .kb-svg-icon-wrap{display:block;}}<\/style><a class=\"kb-button kt-button button kb-btn5902_ae8f6b-26 kt-btn-size-standard kt-btn-width-type-auto kb-btn-global-inherit kt-btn-has-text-true kt-btn-has-svg-false wp-block-button__link animated bounceIn delay-1s fast wp-block-kadence-singlebtn\" href=\"https:\/\/meforyou.se\/sign-up\/customer\"><span class=\"kt-btn-inner-text\">Become a member<\/span><\/a><\/div>","protected":false},"excerpt":{"rendered":"<p>As a meforyou.se member, you can enjoy our member benefits.<\/p>","protected":false},"author":5,"featured_media":5903,"parent":0,"menu_order":0,"comment_status":"closed","ping_status":"closed","template":"","meta":{"_eb_attr":"","_kad_post_transparent":"","_kad_post_title":"default","_kad_post_layout":"right","_kad_post_sidebar_id":"","_kad_post_content_style":"","_kad_post_vertical_padding":"","_kad_post_feature":"default","_kad_post_feature_position":"","_kad_post_header":false,"_kad_post_footer":false,"footnotes":""},"class_list":["post-5902","page","type-page","status-publish","has-post-thumbnail","hentry"],"_links":{"self":[{"href":"https:\/\/hub.meforyou.se\/en\/wp-json\/wp\/v2\/pages\/5902","targetHints":{"allow":["GET"]}}],"collection":[{"href":"https:\/\/hub.meforyou.se\/en\/wp-json\/wp\/v2\/pages"}],"about":[{"href":"https:\/\/hub.meforyou.se\/en\/wp-json\/wp\/v2\/types\/page"}],"author":[{"embeddable":true,"href":"https:\/\/hub.meforyou.se\/en\/wp-json\/wp\/v2\/users\/5"}],"replies":[{"embeddable":true,"href":"https:\/\/hub.meforyou.se\/en\/wp-json\/wp\/v2\/comments?post=5902"}],"version-history":[{"count":23,"href":"https:\/\/hub.meforyou.se\/en\/wp-json\/wp\/v2\/pages\/5902\/revisions"}],"predecessor-version":[{"id":13063,"href":"https:\/\/hub.meforyou.se\/en\/wp-json\/wp\/v2\/pages\/5902\/revisions\/13063"}],"wp:featuredmedia":[{"embeddable":true,"href":"https:\/\/hub.meforyou.se\/en\/wp-json\/wp\/v2\/media\/5903"}],"wp:attachment":[{"href":"https:\/\/hub.meforyou.se\/en\/wp-json\/wp\/v2\/media?parent=5902"}],"curies":[{"name":"wp","href":"https:\/\/api.w.org\/{rel}","templated":true}]}}