{"id":4632,"date":"2023-11-08T12:55:00","date_gmt":"2023-11-08T11:55:00","guid":{"rendered":"https:\/\/hub.meforyou.se\/?page_id=4632"},"modified":"2025-10-03T11:23:40","modified_gmt":"2025-10-03T09:23:40","slug":"allmanna-villkor-foretag","status":"publish","type":"page","link":"https:\/\/hub.meforyou.se\/en\/allmanna-villkor-foretag\/","title":{"rendered":"Allm\u00e4nna villkor &#8211; Tj\u00e4nsteleverant\u00f6rer"},"content":{"rendered":"<h1 class=\"wp-block-heading has-theme-palette-9-color has-text-color has-link-color wp-elements-0976198c0e6097ab8d6d454be14cc5dd\" style=\"padding-top:var(--wp--preset--spacing--80);font-size:30px\">Allm\u00e4nna villkor<\/h1>\n\n\n\n<p class=\"has-theme-palette-9-color has-text-color has-link-color wp-elements-89cd4843ffd13f61003c0f5df0b7f181\">Dessa villkor (\u201dVillkoren\u201d) g\u00e4ller f\u00f6r det som specificeras i abonnemanget hos meforyou.se samt full tillg\u00e5ng till hubbens rabatter.<\/p>\n\n\n\n<h2 class=\"wp-block-heading has-theme-palette-9-color has-text-color has-link-color wp-elements-d1b9ac43f98cd5af98c08ffb70a74cb1\">1. Parter<\/h2>\n\n\n\n<p class=\"has-theme-palette-9-color has-text-color has-link-color wp-elements-4c7678d755ecc5423a5663524361899e\">Leverant\u00f6r: Swedelance AB, org.nr\u202f559327-9572, Tulegatan 20, 113 53 Stockholm, service@meforyou.se nedan kallad meforyou.se<br>Anv\u00e4ndare: F\u00f6retagsrepresentanter med tillg\u00e5ng till meforyou.se\u2019s erbjudanden och tj\u00e4nster.<\/p>\n\n\n\n<h2 class=\"wp-block-heading has-theme-palette-9-color has-text-color has-link-color wp-elements-50ed60ed7f0e0081f0aedd260ccc8f59\">2. Avtalets ing\u00e5ende<\/h2>\n\n\n\n<p class=\"has-theme-palette-9-color has-text-color has-link-color wp-elements-a5436db755f25e753482b1af7ef24c16\">Avtalet tr\u00e4der i kraft n\u00e4r anv\u00e4ndaren betalat eller b\u00f6rjar anv\u00e4nda tj\u00e4nsten.<br>Vid k\u00f6p: villkoren g\u00e4ller n\u00e4r best\u00e4llning bekr\u00e4ftats.<br>Anv\u00e4ndaren f\u00f6rbinder sig att l\u00e4mna korrekt kontaktinformation.<\/p>\n\n\n\n<h2 class=\"wp-block-heading has-theme-palette-9-color has-text-color has-link-color wp-elements-60455fa31c85541091708306ae1ad595\">3. Abonnemang<\/h2>\n\n\n\n<p class=\"has-theme-palette-9-color has-text-color has-link-color wp-elements-8dfce393408d30adfc2156d063bace84\">Abonnemanget f\u00f6rnyas automatiskt f\u00f6r samma period om det inte sagts upp minst 30 dagar f\u00f6re f\u00f6rnyelseperiodens slut.<\/p>\n\n\n\n<h2 class=\"wp-block-heading has-theme-palette-9-color has-text-color has-link-color wp-elements-c831e738c2fd49ff1d19780a05c76739\">4. Tj\u00e4nstens inneh\u00e5ll<\/h2>\n\n\n\n<p class=\"has-theme-palette-9-color has-text-color has-link-color wp-elements-b918f779b3105737786ba5057caa01ac\">meforyou.se erbjuder information, erbjudanden, artiklar, digitala verktyg, trafik, marknadsf\u00f6ring och andra tj\u00e4nster som kan komma att erbjudas. Vid rabatter eller erbjudanden ansvarar meforyou.se enbart f\u00f6r att presentera erbjudandet \u2013 ansvar f\u00f6r leverans eller utf\u00f6rande ligger utanf\u00f6r detta avtal.<\/p>\n\n\n\n<h2 class=\"wp-block-heading has-theme-palette-9-color has-text-color has-link-color wp-elements-645efbb65ae3a5541b96dd601947d2a0\">5. Anv\u00e4ndarens skyldigheter<\/h2>\n\n\n\n<p class=\"has-theme-palette-9-color has-text-color has-link-color wp-elements-0d9be9efd6220b63030f8ca8cbec810d\">L\u00e4mna och h\u00e5lla korrekt kontaktinformation. Anv\u00e4nda tj\u00e4nsten enligt lag och god sed. Ansvara f\u00f6r kontoinformation, inloggningar och s\u00e4kerhet.<\/p>\n\n\n\n<h2 class=\"wp-block-heading has-theme-palette-9-color has-text-color has-link-color wp-elements-6db1785ade30fcc697873404dcd0937b\">6. Begr\u00e4nsningar &amp; ansvarsfriskrivningar<\/h2>\n\n\n\n<p class=\"has-theme-palette-9-color has-text-color has-link-color wp-elements-857c0dc0e7850d21ea8e2ec6004a05d9\">meforyou.se ansvarar inte f\u00f6r inneh\u00e5llsf\u00f6rlust, systemfel eller driftavbrott, om inte upps\u00e5t eller grov v\u00e5rdsl\u00f6shet kan visas. Ansvar \u00e4r begr\u00e4nsat till h\u00f6gst tv\u00e5 m\u00e5naders anv\u00e4ndaravgift (eller noll f\u00f6r gratisanv\u00e4ndare).<\/p>\n\n\n\n<h2 class=\"wp-block-heading has-theme-palette-9-color has-text-color has-link-color wp-elements-d9dc91f4b42513bd06c48c40806d3f42\">7. Tillg\u00e4nglighet &amp; driftinformation<\/h2>\n\n\n\n<p class=\"has-theme-palette-9-color has-text-color has-link-color wp-elements-8116ba62d9594c1704fb34800403d0ff\">meforyou.se str\u00e4var efter h\u00f6g tillg\u00e4nglighet, men kan genomf\u00f6ra drift eller underh\u00e5ll med begr\u00e4nsad \u00e5tkomst. Vid hinder utanf\u00f6r kontroll \u2013 force majeure \u2013 ansvarar inte meforyou.se f\u00f6r driftsstopp. Force majeure definieras som of\u00f6rutsedda och o\u00f6verstigliga h\u00e4ndelser (t.ex. krig, strejk, pandemi, myndighets\u00e5tg\u00e4rder, brand). Vid force majeure eller driftstopp ska meforyou.se informera anv\u00e4ndaren om p\u00e5verkan och ber\u00e4knad varaktighet. Vid l\u00e4ngre avbrott har parterna r\u00e4tt att avbryta avtalet utan ansvar.<\/p>\n\n\n\n<h2 class=\"wp-block-heading has-theme-palette-9-color has-text-color has-link-color wp-elements-d7dcb3cf6bc859de9c9c3b85af66b3d1\">8. Immateriella r\u00e4ttigheter<\/h2>\n\n\n\n<p class=\"has-theme-palette-9-color has-text-color has-link-color wp-elements-48b571b2d3c3c393887fc265febcb3d9\">All upphovsr\u00e4tt och r\u00e4ttigheter till material \u2013 texter, bilder, utbildningar \u2013 tillh\u00f6r meforyou.se. Skriftligt medgivande kr\u00e4vs f\u00f6r l\u00e5n eller anv\u00e4ndning.&nbsp;<\/p>\n\n\n\n<h2 class=\"wp-block-heading has-theme-palette-9-color has-text-color has-link-color wp-elements-1fdead4bc99867886070d5d612614281\">9. Personuppgifter<\/h2>\n\n\n\n<p class=\"has-theme-palette-9-color has-text-color has-link-color wp-elements-748caaa24ea741950449c7c6c591ccaa\">Hanteras enligt separat Privacy Policy inom ramen f\u00f6r GDPR.<\/p>\n\n\n\n<h2 class=\"wp-block-heading has-theme-palette-9-color has-text-color has-link-color wp-elements-9a6776e794c10431b42c99b222c66a6e\">10. Avgifter &amp; betalning<\/h2>\n\n\n\n<p class=\"has-theme-palette-9-color has-text-color has-link-color wp-elements-b4f86e03405499b2901f247db5cec9af\">Tydliga prislistor publiceras p\u00e5 webb eller i skriftligt avtal. Betalning sker via integrerad betall\u00f6sning. Vid f\u00f6rsenad betalning utg\u00e5r dr\u00f6jsm\u00e5lsr\u00e4nta enligt r\u00e4ntelagen samt p\u00e5minnelseavgift.<\/p>\n\n\n\n<h2 class=\"wp-block-heading has-theme-palette-9-color has-text-color has-link-color wp-elements-22271e5256f4e2ff8f2ceb336a1be808\">11. Reklamation &amp; \u00e5terbetalning<\/h2>\n\n\n\n<p class=\"has-theme-palette-9-color has-text-color has-link-color wp-elements-7897acb1744f7d1fc20ad963ce27c9fc\">Reklamation ska ske skriftligen inom 30 dagar fr\u00e5n det att felet uppt\u00e4cktes. \u00c5ngerr\u00e4tt enligt Distansavtalslagen (14 dagar) till\u00e4mpas endast om anv\u00e4ndaren \u00e4r konsument. Vid B2B-k\u00f6p \u00e4r \u00e5ngerr\u00e4tten utesluten. Allm\u00e4n reklamationsr\u00e4tt g\u00e4ller enligt dessa villkor och till\u00e4mplig lag.<\/p>\n\n\n\n<h2 class=\"wp-block-heading has-theme-palette-9-color has-text-color has-link-color wp-elements-1396a16bddf5650ae4ce622ff74c4be1\">12. Preskription<\/h2>\n\n\n\n<p class=\"has-theme-palette-9-color has-text-color has-link-color wp-elements-07c5bfcb83dd62039683dc37321dbc0a\">Anv\u00e4ndarens r\u00e4tt att g\u00f6ra anspr\u00e5k mot meforyou.se preskriberas 12 m\u00e5nader efter att anv\u00e4ndaren blivit medveten om grunden f\u00f6r anspr\u00e5ket, eller vid allra senast 10 \u00e5r efter fakturadatum.<\/p>\n\n\n\n<h2 class=\"wp-block-heading has-theme-palette-9-color has-text-color has-link-color wp-elements-145316c4a58724786920d32edd620342\">14. Villkors\u00e4ndringar<\/h2>\n\n\n\n<p class=\"has-theme-palette-9-color has-text-color has-link-color wp-elements-6379a5114b93ebbe0bd098fa2741284d\">meforyou.se kan \u00e4ndra villkoren med minst 30 dagars skriftligt varsel (via mejl eller webbpublicering). Vid \u00e4ndringar som f\u00f6rs\u00e4mrar anv\u00e4ndarens villkor ges r\u00e4tt till omedelbar upps\u00e4gning.<\/p>\n\n\n\n<h2 class=\"wp-block-heading has-theme-palette-9-color has-text-color has-link-color wp-elements-3865820500de004cc69ed1907144e6e4\">15. Upps\u00e4gning &amp; upph\u00f6rande<\/h2>\n\n\n\n<p class=\"has-theme-palette-9-color has-text-color has-link-color wp-elements-0a79486c6693a705ae701d64899d2c8c\">Upps\u00e4gning sker skriftligen (e\u2011post eller post till angiven adress) minst 30 dagar f\u00f6re abonnemangstidens slut. meforyou.se f\u00f6rbeh\u00e5ller sig r\u00e4tten att st\u00e4nga anv\u00e4ndarkonto vid brott mot villkoren.<\/p>\n\n\n<style>.wp-block-kadence-spacer.kt-block-spacer-4632_e2adb1-e2 .kt-block-spacer{height:60px;}.wp-block-kadence-spacer.kt-block-spacer-4632_e2adb1-e2 .kt-divider{border-top-width:1px;height:1px;border-top-color:#eee;width:80%;border-top-style:solid;}<\/style>\n<div class=\"wp-block-kadence-spacer aligncenter kt-block-spacer-4632_e2adb1-e2\"><div class=\"kt-block-spacer kt-block-spacer-halign-center\"><\/div><\/div>","protected":false},"excerpt":{"rendered":"<p>Allm\u00e4nna villkor Dessa villkor (\u201dVillkoren\u201d) g\u00e4ller f\u00f6r det som specificeras i abonnemanget hos meforyou.se samt full tillg\u00e5ng till hubbens rabatter. 1. Parter Leverant\u00f6r: Swedelance AB, org.nr\u202f559327-9572, Tulegatan 20, 113 53 Stockholm, service@meforyou.se nedan kallad meforyou.seAnv\u00e4ndare: F\u00f6retagsrepresentanter med tillg\u00e5ng till meforyou.se\u2019s erbjudanden och tj\u00e4nster. 2. Avtalets ing\u00e5ende Avtalet tr\u00e4der i kraft n\u00e4r anv\u00e4ndaren betalat eller b\u00f6rjar&#8230;<\/p>","protected":false},"author":1,"featured_media":12548,"parent":0,"menu_order":0,"comment_status":"closed","ping_status":"closed","template":"","meta":{"_eb_attr":"","_kad_post_transparent":"","_kad_post_title":"","_kad_post_layout":"normal","_kad_post_sidebar_id":"","_kad_post_content_style":"","_kad_post_vertical_padding":"","_kad_post_feature":"","_kad_post_feature_position":"","_kad_post_header":false,"_kad_post_footer":false,"footnotes":""},"class_list":["post-4632","page","type-page","status-publish","has-post-thumbnail","hentry"],"_links":{"self":[{"href":"https:\/\/hub.meforyou.se\/en\/wp-json\/wp\/v2\/pages\/4632","targetHints":{"allow":["GET"]}}],"collection":[{"href":"https:\/\/hub.meforyou.se\/en\/wp-json\/wp\/v2\/pages"}],"about":[{"href":"https:\/\/hub.meforyou.se\/en\/wp-json\/wp\/v2\/types\/page"}],"author":[{"embeddable":true,"href":"https:\/\/hub.meforyou.se\/en\/wp-json\/wp\/v2\/users\/1"}],"replies":[{"embeddable":true,"href":"https:\/\/hub.meforyou.se\/en\/wp-json\/wp\/v2\/comments?post=4632"}],"version-history":[{"count":29,"href":"https:\/\/hub.meforyou.se\/en\/wp-json\/wp\/v2\/pages\/4632\/revisions"}],"predecessor-version":[{"id":12554,"href":"https:\/\/hub.meforyou.se\/en\/wp-json\/wp\/v2\/pages\/4632\/revisions\/12554"}],"wp:featuredmedia":[{"embeddable":true,"href":"https:\/\/hub.meforyou.se\/en\/wp-json\/wp\/v2\/media\/12548"}],"wp:attachment":[{"href":"https:\/\/hub.meforyou.se\/en\/wp-json\/wp\/v2\/media?parent=4632"}],"curies":[{"name":"wp","href":"https:\/\/api.w.org\/{rel}","templated":true}]}}