{"id":3026,"date":"2022-11-23T16:25:12","date_gmt":"2022-11-23T15:25:12","guid":{"rendered":"https:\/\/hub.meforyou.se\/?page_id=3026"},"modified":"2025-08-22T17:04:03","modified_gmt":"2025-08-22T15:04:03","slug":"kontakta-oss","status":"publish","type":"page","link":"https:\/\/hub.meforyou.se\/en\/kontakta-oss\/","title":{"rendered":"Contact us"},"content":{"rendered":"<style>.kb-row-layout-id3026_47c7e7-0f > .kt-row-column-wrap{align-content:start;}:where(.kb-row-layout-id3026_47c7e7-0f > .kt-row-column-wrap) > .wp-block-kadence-column{justify-content:start;}.kb-row-layout-id3026_47c7e7-0f > .kt-row-column-wrap{column-gap:var(--global-kb-gap-md, 2rem);row-gap:var(--global-kb-gap-md, 2rem);max-width:var( --global-content-width, 1290px );padding-left:var(--global-content-edge-padding);padding-right:var(--global-content-edge-padding);padding-top:var(--global-kb-spacing-5xl, 10rem);padding-bottom:var(--global-kb-spacing-xl, 4rem);grid-template-columns:minmax(0, 1fr);}.kb-row-layout-id3026_47c7e7-0f > .kt-row-layout-overlay{opacity:0.30;}@media all and (max-width: 1024px){.kb-row-layout-id3026_47c7e7-0f > .kt-row-column-wrap{grid-template-columns:minmax(0, 1fr);}}@media all and (max-width: 767px){.kb-row-layout-id3026_47c7e7-0f > .kt-row-column-wrap{padding-bottom:var(--global-kb-spacing-xl, 4rem);grid-template-columns:minmax(0, 1fr);}}<\/style><div class=\"kb-row-layout-wrap kb-row-layout-id3026_47c7e7-0f alignfull wp-block-kadence-rowlayout\"><div class=\"kt-row-column-wrap kt-has-1-columns kt-row-layout-equal kt-tab-layout-inherit kt-mobile-layout-row kt-row-valign-top kb-theme-content-width\">\n<style>.kadence-column3026_9f063b-f0 > .kt-inside-inner-col{display:flex;}.kadence-column3026_9f063b-f0 > .kt-inside-inner-col,.kadence-column3026_9f063b-f0 > .kt-inside-inner-col:before{border-top-left-radius:0px;border-top-right-radius:0px;border-bottom-right-radius:0px;border-bottom-left-radius:0px;}.kadence-column3026_9f063b-f0 > .kt-inside-inner-col{column-gap:var(--global-kb-gap-sm, 1rem);}.kadence-column3026_9f063b-f0 > .kt-inside-inner-col{flex-direction:column;justify-content:flex-start;}.kadence-column3026_9f063b-f0 > .kt-inside-inner-col > .aligncenter{width:100%;}.kt-row-column-wrap > .kadence-column3026_9f063b-f0{align-self:flex-start;}.kt-inner-column-height-full:not(.kt-has-1-columns) > .wp-block-kadence-column.kadence-column3026_9f063b-f0{align-self:auto;}.kt-inner-column-height-full:not(.kt-has-1-columns) > .wp-block-kadence-column.kadence-column3026_9f063b-f0 > .kt-inside-inner-col{flex-direction:column;justify-content:flex-start;}.kadence-column3026_9f063b-f0 > .kt-inside-inner-col:before{opacity:0.3;}.kadence-column3026_9f063b-f0{position:relative;}@media all and (max-width: 1024px){.kadence-column3026_9f063b-f0 > .kt-inside-inner-col{flex-direction:column;}}@media all and (max-width: 767px){.kadence-column3026_9f063b-f0 > .kt-inside-inner-col{flex-direction:column;}}<\/style>\n<div class=\"wp-block-kadence-column kadence-column3026_9f063b-f0 inner-column-1\"><div class=\"kt-inside-inner-col\"><style>.wp-block-kadence-advancedheading.kt-adv-heading3026_b388db-0a, .wp-block-kadence-advancedheading.kt-adv-heading3026_b388db-0a[data-kb-block=\"kb-adv-heading3026_b388db-0a\"]{padding-left:var(--global-kb-spacing-md, 2rem);text-align:left;font-style:normal;}.wp-block-kadence-advancedheading.kt-adv-heading3026_b388db-0a mark, .wp-block-kadence-advancedheading.kt-adv-heading3026_b388db-0a[data-kb-block=\"kb-adv-heading3026_b388db-0a\"] mark{font-style:normal;color:#f76a0c;padding-top:0px;padding-right:0px;padding-bottom:0px;padding-left:0px;}@media all and (max-width: 767px){.wp-block-kadence-advancedheading.kt-adv-heading3026_b388db-0a, .wp-block-kadence-advancedheading.kt-adv-heading3026_b388db-0a[data-kb-block=\"kb-adv-heading3026_b388db-0a\"]{padding-left:var(--global-kb-spacing-xs, 1rem);}}<\/style>\n<h1 id=\"kontakta-top\" class=\"kt-adv-heading3026_b388db-0a wp-block-kadence-advancedheading has-theme-palette-2-color has-text-color\" data-kb-block=\"kb-adv-heading3026_b388db-0a\">Contact us<\/h1>\n\n\n<style>.wp-block-kadence-advancedheading.kt-adv-heading3026_32ab9b-2f, .wp-block-kadence-advancedheading.kt-adv-heading3026_32ab9b-2f[data-kb-block=\"kb-adv-heading3026_32ab9b-2f\"]{padding-left:var(--global-kb-spacing-md, 2rem);font-style:normal;}.wp-block-kadence-advancedheading.kt-adv-heading3026_32ab9b-2f mark, .wp-block-kadence-advancedheading.kt-adv-heading3026_32ab9b-2f[data-kb-block=\"kb-adv-heading3026_32ab9b-2f\"] mark{font-style:normal;color:#f76a0c;padding-top:0px;padding-right:0px;padding-bottom:0px;padding-left:0px;}@media all and (max-width: 767px){.wp-block-kadence-advancedheading.kt-adv-heading3026_32ab9b-2f, .wp-block-kadence-advancedheading.kt-adv-heading3026_32ab9b-2f[data-kb-block=\"kb-adv-heading3026_32ab9b-2f\"]{padding-left:var(--global-kb-spacing-xs, 1rem);}}<\/style>\n<p class=\"kt-adv-heading3026_32ab9b-2f wp-block-kadence-advancedheading has-theme-palette-9-color has-text-color\" data-kb-block=\"kb-adv-heading3026_32ab9b-2f\">Det enklaste s\u00e4ttet att kontakta oss \u00e4r att skicka ett mail till hello(at)meforyou.se. Vi \u00e5terkommer s\u00e5 snart som m\u00f6jligt.<\/p>\n\n\n<style>.wp-block-kadence-advancedheading.kt-adv-heading3026_3d9106-3f, .wp-block-kadence-advancedheading.kt-adv-heading3026_3d9106-3f[data-kb-block=\"kb-adv-heading3026_3d9106-3f\"]{padding-left:var(--global-kb-spacing-md, 2rem);font-style:normal;}.wp-block-kadence-advancedheading.kt-adv-heading3026_3d9106-3f mark, .wp-block-kadence-advancedheading.kt-adv-heading3026_3d9106-3f[data-kb-block=\"kb-adv-heading3026_3d9106-3f\"] mark{font-style:normal;color:#f76a0c;padding-top:0px;padding-right:0px;padding-bottom:0px;padding-left:0px;}@media all and (max-width: 767px){.wp-block-kadence-advancedheading.kt-adv-heading3026_3d9106-3f, .wp-block-kadence-advancedheading.kt-adv-heading3026_3d9106-3f[data-kb-block=\"kb-adv-heading3026_3d9106-3f\"]{padding-left:var(--global-kb-spacing-xs, 1rem);}}<\/style>\n<p class=\"kt-adv-heading3026_3d9106-3f wp-block-kadence-advancedheading has-theme-palette-9-color has-text-color\" data-kb-block=\"kb-adv-heading3026_3d9106-3f\"><strong>Swedelance AB<\/strong><br>meforyou.se<br>Org.nr: 559327-9527<br>Stockholm, Sverige<br><a href=\"mailto:hello@meforyou.se\">hello(a)meforyou.se<\/a><br>Tfn 0760095696<\/p>\n<\/div><\/div>\n\n<\/div><\/div>\n\n<style>.kb-row-layout-id3026_7ed7cd-70 > .kt-row-column-wrap{align-content:start;}:where(.kb-row-layout-id3026_7ed7cd-70 > .kt-row-column-wrap) > .wp-block-kadence-column{justify-content:start;}.kb-row-layout-id3026_7ed7cd-70 > .kt-row-column-wrap{column-gap:var(--global-kb-gap-md, 2rem);row-gap:var(--global-kb-gap-md, 2rem);max-width:var( --global-content-width, 1290px );padding-left:var(--global-content-edge-padding);padding-right:var(--global-content-edge-padding);padding-top:var(--global-kb-spacing-md, 2rem);padding-bottom:var(--global-kb-spacing-md, 2rem);grid-template-columns:minmax(0, 1fr);}.kb-row-layout-id3026_7ed7cd-70 > .kt-row-layout-overlay{opacity:0.30;}@media all and (max-width: 1024px){.kb-row-layout-id3026_7ed7cd-70 > .kt-row-column-wrap{grid-template-columns:minmax(0, 1fr);}}@media all and (max-width: 767px){.kb-row-layout-id3026_7ed7cd-70 > .kt-row-column-wrap{padding-top:var(--global-kb-spacing-md, 2rem);padding-bottom:var(--global-kb-spacing-md, 2rem);grid-template-columns:minmax(0, 1fr);}}<\/style><div class=\"kb-row-layout-wrap kb-row-layout-id3026_7ed7cd-70 alignfull has-theme-palette9-background-color kt-row-has-bg animated fadeIn wp-block-kadence-rowlayout\"><div class=\"kt-row-column-wrap kt-has-1-columns kt-row-layout-equal kt-tab-layout-inherit kt-mobile-layout-row kt-row-valign-top kb-theme-content-width\">\n<style>.kadence-column3026_8daa56-6c > .kt-inside-inner-col{display:flex;}.kadence-column3026_8daa56-6c > .kt-inside-inner-col,.kadence-column3026_8daa56-6c > .kt-inside-inner-col:before{border-top-left-radius:0px;border-top-right-radius:0px;border-bottom-right-radius:0px;border-bottom-left-radius:0px;}.kadence-column3026_8daa56-6c > .kt-inside-inner-col{column-gap:var(--global-kb-gap-sm, 1rem);}.kadence-column3026_8daa56-6c > .kt-inside-inner-col{flex-direction:column;justify-content:center;}.kadence-column3026_8daa56-6c > .kt-inside-inner-col > .aligncenter{width:100%;}.kt-row-column-wrap > .kadence-column3026_8daa56-6c{align-self:center;}.kt-inner-column-height-full:not(.kt-has-1-columns) > .wp-block-kadence-column.kadence-column3026_8daa56-6c{align-self:auto;}.kt-inner-column-height-full:not(.kt-has-1-columns) > .wp-block-kadence-column.kadence-column3026_8daa56-6c > .kt-inside-inner-col{flex-direction:column;justify-content:center;}.kadence-column3026_8daa56-6c > .kt-inside-inner-col:before{opacity:0.3;}.kadence-column3026_8daa56-6c{position:relative;}@media all and (max-width: 1024px){.kadence-column3026_8daa56-6c > .kt-inside-inner-col{flex-direction:column;}}@media all and (max-width: 767px){.kadence-column3026_8daa56-6c > .kt-inside-inner-col{flex-direction:column;}}<\/style>\n<div class=\"wp-block-kadence-column kadence-column3026_8daa56-6c inner-column-1\"><div class=\"kt-inside-inner-col\"><style>.wp-block-kadence-column.kb-section-dir-horizontal > .kt-inside-inner-col > .kt-info-box3026_11a335-d7 .kt-blocks-info-box-link-wrap{max-width:unset;}.kt-info-box3026_11a335-d7 .kt-blocks-info-box-link-wrap{border-top-left-radius:10px;border-top-right-radius:10px;border-bottom-right-radius:10px;border-bottom-left-radius:10px;background:var(--global-palette9, #ffffff);padding-top:20px;padding-right:20px;padding-bottom:20px;padding-left:20px;}.kt-info-box3026_11a335-d7 .kt-blocks-info-box-link-wrap:hover{background:var(--global-palette9, #ffffff);}.kt-info-box3026_11a335-d7.wp-block-kadence-infobox{max-width:100%;}.kt-info-box3026_11a335-d7 .kadence-info-box-image-inner-intrisic-container{max-width:200px;}.kt-info-box3026_11a335-d7 .kadence-info-box-image-inner-intrisic-container .kadence-info-box-image-intrisic{padding-bottom:100%;width:1151px;height:0px;max-width:100%;}.kt-info-box3026_11a335-d7 .kadence-info-box-icon-container .kt-info-svg-icon, .kt-info-box3026_11a335-d7 .kt-info-svg-icon-flip, .kt-info-box3026_11a335-d7 .kt-blocks-info-box-number{font-size:50px;}.kt-info-box3026_11a335-d7 .kt-blocks-info-box-media{color:#444444;background:transparent;border-color:#444444;border-radius:200px;border-top-width:0px;border-right-width:0px;border-bottom-width:0px;border-left-width:0px;padding-top:10px;padding-right:10px;padding-bottom:10px;padding-left:10px;}.kt-info-box3026_11a335-d7 .kt-blocks-info-box-media-container{margin-top:0px;margin-right:15px;margin-bottom:0px;margin-left:15px;}.kt-info-box3026_11a335-d7 .kt-blocks-info-box-media .kadence-info-box-image-intrisic img{border-radius:200px;}.kt-info-box3026_11a335-d7 .kt-blocks-info-box-link-wrap:hover .kt-blocks-info-box-media{color:#444444;background:transparent;border-color:#444444;}.kt-info-box3026_11a335-d7 .kt-infobox-textcontent h5.kt-blocks-info-box-title{line-height:30px;padding-top:0px;padding-right:0px;padding-bottom:0px;padding-left:0px;margin-top:5px;margin-right:0px;margin-bottom:10px;margin-left:0px;}.kt-info-box3026_11a335-d7 .kt-infobox-textcontent .kt-blocks-info-box-text{color:#555555;}.kt-info-box3026_11a335-d7 .kt-blocks-info-box-learnmore{background:transparent;border-color:#555555;border-width:0px 0px 0px 0px;padding-top:4px;padding-right:8px;padding-bottom:4px;padding-left:8px;margin-top:10px;margin-right:0px;margin-bottom:10px;margin-left:0px;}.kt-info-box3026_11a335-d7 .kt-blocks-info-box-link-wrap:hover .kt-blocks-info-box-learnmore{color:#ffffff;background:#444444;border-color:#444444;}<\/style>\n<div class=\"wp-block-kadence-infobox kt-info-box3026_11a335-d7\"><a class=\"kt-blocks-info-box-link-wrap info-box-link kt-blocks-info-box-media-align-top kt-info-halign-center\" href=\"https:\/\/www.linkedin.com\/in\/ACoAAA6jZYEBOsRqZGvAKPcKD8UnNQwBimme_7U\/\"><div class=\"kt-blocks-info-box-media-container\"><div class=\"kt-blocks-info-box-media kt-info-media-animate-grayscale\"><div class=\"kadence-info-box-image-inner-intrisic-container\"><div class=\"kadence-info-box-image-intrisic kt-info-animate-grayscale\"><div class=\"kadence-info-box-image-inner-intrisic\"><img loading=\"lazy\" decoding=\"async\" src=\"https:\/\/hub.meforyou.se\/wp-content\/uploads\/2023\/05\/imgpsh_fullsize_anim-9-e1683634959936.jpeg\" alt=\"\" width=\"1151\" height=\"1151\" class=\"kt-info-box-image wp-image-4080\" srcset=\"https:\/\/hub.meforyou.se\/wp-content\/uploads\/2023\/05\/imgpsh_fullsize_anim-9-e1683634959936.jpeg 1151w, https:\/\/hub.meforyou.se\/wp-content\/uploads\/2023\/05\/imgpsh_fullsize_anim-9-e1683634959936-300x300.jpeg 300w, https:\/\/hub.meforyou.se\/wp-content\/uploads\/2023\/05\/imgpsh_fullsize_anim-9-e1683634959936-1024x1024.jpeg 1024w, https:\/\/hub.meforyou.se\/wp-content\/uploads\/2023\/05\/imgpsh_fullsize_anim-9-e1683634959936-150x150.jpeg 150w, https:\/\/hub.meforyou.se\/wp-content\/uploads\/2023\/05\/imgpsh_fullsize_anim-9-e1683634959936-768x768.jpeg 768w, https:\/\/hub.meforyou.se\/wp-content\/uploads\/2023\/05\/imgpsh_fullsize_anim-9-e1683634959936-12x12.jpeg 12w\" sizes=\"auto, (max-width: 1151px) 100vw, 1151px\" \/><\/div><\/div><\/div><\/div><\/div><div class=\"kt-infobox-textcontent\"><h5 class=\"kt-blocks-info-box-title\">Pravessen Pereanen<\/h5><p class=\"kt-blocks-info-box-text\">Partner \/ CEO<br><br><\/p><\/div><\/a><\/div>\n<\/div><\/div>\n\n<\/div><\/div>","protected":false},"excerpt":{"rendered":"<p>Kontakta oss Det enklaste s\u00e4ttet att kontakta oss \u00e4r att skicka ett mail till hello(at)meforyou.se. Vi \u00e5terkommer s\u00e5 snart som m\u00f6jligt. Swedelance ABmeforyou.seOrg.nr: 559327-9527Stockholm, Sverigehello(a)meforyou.seTfn 0760095696<\/p>","protected":false},"author":7,"featured_media":5098,"parent":0,"menu_order":0,"comment_status":"closed","ping_status":"closed","template":"","meta":{"_eb_attr":"","_kad_post_transparent":"","_kad_post_title":"hide","_kad_post_layout":"fullwidth","_kad_post_sidebar_id":"","_kad_post_content_style":"","_kad_post_vertical_padding":"top","_kad_post_feature":"","_kad_post_feature_position":"","_kad_post_header":false,"_kad_post_footer":false,"footnotes":""},"class_list":["post-3026","page","type-page","status-publish","has-post-thumbnail","hentry"],"_links":{"self":[{"href":"https:\/\/hub.meforyou.se\/en\/wp-json\/wp\/v2\/pages\/3026","targetHints":{"allow":["GET"]}}],"collection":[{"href":"https:\/\/hub.meforyou.se\/en\/wp-json\/wp\/v2\/pages"}],"about":[{"href":"https:\/\/hub.meforyou.se\/en\/wp-json\/wp\/v2\/types\/page"}],"author":[{"embeddable":true,"href":"https:\/\/hub.meforyou.se\/en\/wp-json\/wp\/v2\/users\/7"}],"replies":[{"embeddable":true,"href":"https:\/\/hub.meforyou.se\/en\/wp-json\/wp\/v2\/comments?post=3026"}],"version-history":[{"count":95,"href":"https:\/\/hub.meforyou.se\/en\/wp-json\/wp\/v2\/pages\/3026\/revisions"}],"predecessor-version":[{"id":12276,"href":"https:\/\/hub.meforyou.se\/en\/wp-json\/wp\/v2\/pages\/3026\/revisions\/12276"}],"wp:featuredmedia":[{"embeddable":true,"href":"https:\/\/hub.meforyou.se\/en\/wp-json\/wp\/v2\/media\/5098"}],"wp:attachment":[{"href":"https:\/\/hub.meforyou.se\/en\/wp-json\/wp\/v2\/media?parent=3026"}],"curies":[{"name":"wp","href":"https:\/\/api.w.org\/{rel}","templated":true}]}}